{"id":55,"date":"2020-02-09T19:12:11","date_gmt":"2020-02-09T19:12:11","guid":{"rendered":"http:\/\/lukasceh.cz\/?page_id=55"},"modified":"2022-02-05T18:06:04","modified_gmt":"2022-02-05T17:06:04","slug":"hlavni-strana","status":"publish","type":"page","link":"https:\/\/lukasceh.cz\/","title":{"rendered":"Hlavn\u00ed str\u00e1nka"},"content":{"rendered":"<div class=\"flex_column av_one_full  flex_column_div av-zero-column-padding first  \" style='border-radius:0px; '><div  class='hr hr-default  '><span class='hr-inner ' ><span class='hr-inner-style'><\/span><\/span><\/div><\/div>\n<div class=\"flex_column av_one_half  flex_column_div av-zero-column-padding first  \" style='border-radius:0px; '><section class=\"av_textblock_section \"  itemscope=\"itemscope\" itemtype=\"https:\/\/schema.org\/CreativeWork\" ><div class='avia_textblock  '   itemprop=\"text\" ><h3 style=\"text-align: center;\">Prov\u00e1d\u00edme zemn\u00ed, v\u00fdkopov\u00e9 pr\u00e1ce a autodopravu.<\/h3>\n<h3><\/h3>\n<h3 style=\"text-align: left;\">Nab\u00edz\u00edme:<\/h3>\n<ul>\n<li>doprava \u0161t\u011brk\u016f a p\u00edsk\u016f<\/li>\n<li>autodoprava<\/li>\n<li style=\"text-align: left;\">skr\u00fdvky ornice<\/li>\n<li style=\"text-align: left;\">v\u00fdkopy z\u00e1klad\u016f rodinn\u00fdch dom\u016f<\/li>\n<li style=\"text-align: left;\">parkovi\u0161t\u011b<\/li>\n<li style=\"text-align: left;\">p\u0159\u00edjezdov\u00e9 cesty<\/li>\n<li style=\"text-align: left;\">\u010di\u0161t\u011bn\u00ed p\u0159\u00edkop\u016f<\/li>\n<li style=\"text-align: left;\">pr\u00e1ce s paletiza\u010dn\u00edma vidlemi<\/li>\n<li style=\"text-align: left;\">ter\u00e9nn\u00ed \u00fapravy<\/li>\n<li style=\"text-align: left;\">a jin\u00e9 pr\u00e1ce.<\/li>\n<\/ul>\n<\/div><\/section><\/div><div class=\"flex_column av_one_half  flex_column_div av-zero-column-padding   \" style='border-radius:0px; '><div  data-size='shop_single'  data-lightbox_size='large'  data-animation='slide'  data-conditional_play=''  data-ids='358,359,360,361'  data-video_counter='0'  data-autoplay='true'  data-bg_slider='false'  data-slide_height=''  data-handle='av_slideshow'  data-interval='5'  data-class='  avia-small-width-slider'  data-css_id=''  data-scroll_down=''  data-control_layout='av-control-default'  data-custom_markup=''  data-perma_caption=''  data-autoplay_stopper=''  data-image_attachment=''  data-min_height='0px'  data-default-height='222'  class='avia-slideshow avia-slideshow-1  av-control-default av-default-height-applied avia-slideshow-shop_single av_slideshow   avia-small-width-slider avia-slide-slider '  itemprop=\"ImageObject\" itemscope=\"itemscope\" itemtype=\"https:\/\/schema.org\/ImageObject\" ><ul class='avia-slideshow-inner ' style='padding-bottom: 75.111111111111%;' ><li  class=' slide-1 ' ><div data-rel='slideshow-1' class='avia-slide-wrap '   ><img src='https:\/\/lukasceh.cz\/wp-content\/uploads\/2022\/02\/foto2-tituln\u00ed-strana3-450x338.jpg' width='450' height='338' title='foto2-tituln\u00ed-strana3' alt=''  itemprop=\"thumbnailUrl\"   \/><\/div><\/li><li  class=' slide-2 ' ><div data-rel='slideshow-1' class='avia-slide-wrap '   ><img src='https:\/\/lukasceh.cz\/wp-content\/uploads\/2022\/02\/foto2-tituln\u00ed-strana4-450x338.jpg' width='450' height='338' title='foto2-tituln\u00ed-strana4' alt=''  itemprop=\"thumbnailUrl\"   \/><\/div><\/li><li  class=' slide-3 ' ><div data-rel='slideshow-1' class='avia-slide-wrap '   ><img src='https:\/\/lukasceh.cz\/wp-content\/uploads\/2022\/02\/foto2-tituln\u00ed-strana5-450x450.jpg' width='450' height='450' title='foto2-tituln\u00ed-strana5' alt=''  itemprop=\"thumbnailUrl\"   \/><\/div><\/li><li  class=' slide-4 ' ><div data-rel='slideshow-1' class='avia-slide-wrap '   ><img src='https:\/\/lukasceh.cz\/wp-content\/uploads\/2022\/02\/foto2-tituln\u00ed-strana6-450x338.jpg' width='450' height='338' title='foto2-tituln\u00ed-strana6' alt=''  itemprop=\"thumbnailUrl\"   \/><\/div><\/li><\/ul><div class='avia-slideshow-arrows avia-slideshow-controls'><a href='#prev' class='prev-slide' aria-hidden='true' data-av_icon='\ue87c' data-av_iconfont='entypo-fontello'>Previous<\/a><a href='#next' class='next-slide' aria-hidden='true' data-av_icon='\ue87d' data-av_iconfont='entypo-fontello'>Next<\/a><\/div><div class='avia-slideshow-dots avia-slideshow-controls'><a href='#1' class='goto-slide active' >1<\/a><a href='#2' class='goto-slide ' >2<\/a><a href='#3' class='goto-slide ' >3<\/a><a href='#4' class='goto-slide ' >4<\/a><\/div><\/div><\/div><\/p>\n","protected":false},"excerpt":{"rendered":"","protected":false},"author":1,"featured_media":0,"parent":0,"menu_order":0,"comment_status":"closed","ping_status":"closed","template":"","meta":{"footnotes":""},"_links":{"self":[{"href":"https:\/\/lukasceh.cz\/index.php?rest_route=\/wp\/v2\/pages\/55"}],"collection":[{"href":"https:\/\/lukasceh.cz\/index.php?rest_route=\/wp\/v2\/pages"}],"about":[{"href":"https:\/\/lukasceh.cz\/index.php?rest_route=\/wp\/v2\/types\/page"}],"author":[{"embeddable":true,"href":"https:\/\/lukasceh.cz\/index.php?rest_route=\/wp\/v2\/users\/1"}],"replies":[{"embeddable":true,"href":"https:\/\/lukasceh.cz\/index.php?rest_route=%2Fwp%2Fv2%2Fcomments&post=55"}],"version-history":[{"count":23,"href":"https:\/\/lukasceh.cz\/index.php?rest_route=\/wp\/v2\/pages\/55\/revisions"}],"predecessor-version":[{"id":211,"href":"https:\/\/lukasceh.cz\/index.php?rest_route=\/wp\/v2\/pages\/55\/revisions\/211"}],"wp:attachment":[{"href":"https:\/\/lukasceh.cz\/index.php?rest_route=%2Fwp%2Fv2%2Fmedia&parent=55"}],"curies":[{"name":"wp","href":"https:\/\/api.w.org\/{rel}","templated":true}]}}